{"id":53,"date":"2018-01-16T02:33:04","date_gmt":"2018-01-16T01:33:04","guid":{"rendered":"https:\/\/jol-let.com\/new\/?page_id=53"},"modified":"2021-08-27T16:15:07","modified_gmt":"2021-08-27T14:15:07","slug":"kapcsolat","status":"publish","type":"page","link":"https:\/\/jol-let.com\/new\/kapcsolat\/","title":{"rendered":"Kapcsolat"},"content":{"rendered":"<h3><strong>J\u00d3L-L\u00c9T Alap\u00edtv\u00e1ny<\/strong><\/h3>\n<p>C\u00edm: 1068 Budapest Bencz\u00far utca 45. II\/207<br \/>\ne-mail: info@jol-let.com<br \/>\nSkype: jollet<br \/>\nAd\u00f3sz\u00e1m: 18697191-1-43<br \/>\nFeln\u0151ttk\u00e9pz\u00e9si nyilv\u00e1ntart\u00e1si sz\u00e1munk: 13-0289-06<br \/>\nFeln\u0151ttk\u00e9pz\u00e9si enged\u00e9ly sz\u00e1ma: E-001174\/2015<br \/>\nBanksz\u00e1mlasz\u00e1munk: 16200151-18528549<\/p>\n<p>Facebook oldalunk: <a href=\"https:\/\/www.facebook.com\/J%C3%B3l-L%C3%A9t-Alap%C3%ADtv%C3%A1ny-335434265521\/\" target=\"_blank\" rel=\"noopener\">facebook.com\/J\u00f3l-L\u00e9t-Alap\u00edtv\u00e1ny<\/a><\/p>\n<p>&nbsp;<\/p>\n","protected":false},"excerpt":{"rendered":"<p>J\u00d3L-L\u00c9T Alap\u00edtv\u00e1ny C\u00edm: 1068 Budapest Bencz\u00far utca 45. II\/207 e-mail: info@jol-let.com Skype: jollet Ad\u00f3sz\u00e1m: 18697191-1-43 Feln\u0151ttk\u00e9pz\u00e9si nyilv\u00e1ntart\u00e1si sz\u00e1munk: 13-0289-06 Feln\u0151ttk\u00e9pz\u00e9si enged\u00e9ly sz\u00e1ma: E-001174\/2015 Banksz\u00e1mlasz\u00e1munk: 16200151-18528549 Facebook oldalunk: facebook.com\/J\u00f3l-L\u00e9t-Alap\u00edtv\u00e1ny &nbsp;<\/p>\n","protected":false},"author":1,"featured_media":0,"parent":0,"menu_order":7,"comment_status":"closed","ping_status":"closed","template":"","meta":{"_et_pb_use_builder":"","_et_pb_old_content":"","_et_gb_content_width":"","ngg_post_thumbnail":0},"_links":{"self":[{"href":"https:\/\/jol-let.com\/new\/wp-json\/wp\/v2\/pages\/53"}],"collection":[{"href":"https:\/\/jol-let.com\/new\/wp-json\/wp\/v2\/pages"}],"about":[{"href":"https:\/\/jol-let.com\/new\/wp-json\/wp\/v2\/types\/page"}],"author":[{"embeddable":true,"href":"https:\/\/jol-let.com\/new\/wp-json\/wp\/v2\/users\/1"}],"replies":[{"embeddable":true,"href":"https:\/\/jol-let.com\/new\/wp-json\/wp\/v2\/comments?post=53"}],"version-history":[{"count":0,"href":"https:\/\/jol-let.com\/new\/wp-json\/wp\/v2\/pages\/53\/revisions"}],"wp:attachment":[{"href":"https:\/\/jol-let.com\/new\/wp-json\/wp\/v2\/media?parent=53"}],"curies":[{"name":"wp","href":"https:\/\/api.w.org\/{rel}","templated":true}]}}