{"id":251,"date":"2021-08-13T14:21:18","date_gmt":"2021-08-13T12:21:18","guid":{"rendered":"https:\/\/jol-let.com\/new\/?page_id=251"},"modified":"2021-08-27T16:15:41","modified_gmt":"2021-08-27T14:15:41","slug":"alapito-okirat","status":"publish","type":"page","link":"https:\/\/jol-let.com\/new\/alapito-okirat\/","title":{"rendered":"Alap\u00edt\u00f3 okirat"},"content":{"rendered":"<p>Alap\u00edtv\u00e1nyunk alap\u00edt\u00f3 okirat\u00e1t az al\u00e1bbi linkre kattintva tekintheti meg:<\/p>\n<p><a href=\"http:\/\/jol-let.com\/rolunk\/alapitvany\/alapito-okirat\/attachment\/alapito-okirat-2011\/\" target=\"_blank\" rel=\"noopener\">Alap\u00edt\u00f3 okirat 2011<\/a><\/p>\n<p>&nbsp;<\/p>\n","protected":false},"excerpt":{"rendered":"<p>Alap\u00edtv\u00e1nyunk alap\u00edt\u00f3 okirat\u00e1t az al\u00e1bbi linkre kattintva tekintheti meg: Alap\u00edt\u00f3 okirat 2011 &nbsp;<\/p>\n","protected":false},"author":1,"featured_media":0,"parent":0,"menu_order":11,"comment_status":"closed","ping_status":"closed","template":"","meta":{"_et_pb_use_builder":"","_et_pb_old_content":"","_et_gb_content_width":"","ngg_post_thumbnail":0},"_links":{"self":[{"href":"https:\/\/jol-let.com\/new\/wp-json\/wp\/v2\/pages\/251"}],"collection":[{"href":"https:\/\/jol-let.com\/new\/wp-json\/wp\/v2\/pages"}],"about":[{"href":"https:\/\/jol-let.com\/new\/wp-json\/wp\/v2\/types\/page"}],"author":[{"embeddable":true,"href":"https:\/\/jol-let.com\/new\/wp-json\/wp\/v2\/users\/1"}],"replies":[{"embeddable":true,"href":"https:\/\/jol-let.com\/new\/wp-json\/wp\/v2\/comments?post=251"}],"version-history":[{"count":0,"href":"https:\/\/jol-let.com\/new\/wp-json\/wp\/v2\/pages\/251\/revisions"}],"wp:attachment":[{"href":"https:\/\/jol-let.com\/new\/wp-json\/wp\/v2\/media?parent=251"}],"curies":[{"name":"wp","href":"https:\/\/api.w.org\/{rel}","templated":true}]}}