{"id":213,"date":"2021-07-20T21:41:13","date_gmt":"2021-07-20T19:41:13","guid":{"rendered":"https:\/\/jol-let.com\/new\/?page_id=213"},"modified":"2021-10-12T10:54:50","modified_gmt":"2021-10-12T08:54:50","slug":"szervezeteknek","status":"publish","type":"page","link":"https:\/\/jol-let.com\/new\/szervezeteknek\/","title":{"rendered":"Szervezeteknek"},"content":{"rendered":"<p>[et_pb_section fb_built=&#8221;1&#8243; _builder_version=&#8221;4.11.2&#8243; _module_preset=&#8221;default&#8221; custom_padding=&#8221;0px||||false|false&#8221; hover_enabled=&#8221;0&#8243; global_colors_info=&#8221;{}&#8221; sticky_enabled=&#8221;0&#8243;][et_pb_row column_structure=&#8221;3_5,2_5&#8243; _builder_version=&#8221;4.11.1&#8243; _module_preset=&#8221;default&#8221; width=&#8221;100%&#8221; custom_padding=&#8221;0px||||false|false&#8221; global_colors_info=&#8221;{}&#8221;][et_pb_column type=&#8221;3_5&#8243; _builder_version=&#8221;4.11.1&#8243; _module_preset=&#8221;default&#8221; global_colors_info=&#8221;{}&#8221;][et_pb_text admin_label=&#8221;Bevezet\u0151&#8221; _builder_version=&#8221;4.11.1&#8243; _module_preset=&#8221;default&#8221; global_colors_info=&#8221;{}&#8221;]<\/p>\n<p><strong>A v\u00e1llalatok t\u00e1rsadalmi felel\u0151ss\u00e9gv\u00e1llal\u00e1s\u00e1nak fok\u00e1t jelzi, mennyiben veszi figyelembe saj\u00e1t m\u0171k\u00f6d\u00e9se, munkav\u00e1llal\u00f3inak foglalkoztat\u00e1sa sor\u00e1n azokat a k\u00f6r\u00fclm\u00e9nyeket, amelyek befoly\u00e1solj\u00e1k a munkav\u00e1llal\u00f3k rendelkez\u00e9sre \u00e1ll\u00e1s\u00e1t, tehets\u00e9g\u00fck kibontakoztat\u00e1s\u00e1t \u00e9s felmutat\u00e1s\u00e1t, a t\u00e9nyleges teljes\u00edtm\u00e9nynek megfelel\u0151 szervezeti \u00e9rv\u00e9nyes\u00fcl\u00e9st \u00e9s befoly\u00e1st.<\/strong><\/p>\n<p>A nemek egyenl\u0151s\u00e9g\u00e9nek partnerszervezeteinkben t\u00f6rt\u00e9n\u0151 megval\u00f3s\u00edt\u00e1s\u00e1hoz ezid\u00e1ig els\u0151sorban a rugalmas, n\u0151-\/anya-\/csal\u00e1dbar\u00e1t foglalkoztat\u00e1st t\u00e1mogat\u00f3 tev\u00e9kenys\u00e9g\u00fcnkkel, illetve 2011-ben kidolgozott Proakt\u00edv GYES Menedzsment Programunk keret\u00e9ben k\u00edn\u00e1lt megold\u00e1sainkkal j\u00e1rultunk hozz\u00e1. Ek\u00f6zben seg\u00edts\u00e9get ny\u00fajtottunk anti-diszkrimin\u00e1ci\u00f3s gyakorlataik fejleszt\u00e9s\u00e9hez, illetve a nemi egyenl\u0151s\u00e9g \u00e1llapot\u00e1nak felm\u00e9r\u00e9s\u00e9hez. T\u00f6reksz\u00fcnk ugyanakkor a n\u0151k el\u0151menetel\u00e9nek t\u00e1mogat\u00e1s\u00e1ra a fenntarthat\u00f3s\u00e1g feminin \u00e9rt\u00e9krendj\u00e9nek \u00e9rv\u00e9nyes\u00fcl\u00e9se \u00e9rdek\u00e9ben.<\/p>\n<p><strong>Unik\u00e1lis tapasztalataink:<\/strong><\/p>\n<p>Csal\u00e1dbar\u00e1t, anyabar\u00e1t szervezetfejleszt\u00e9s, atipikus munkaform\u00e1k bevezet\u00e9se, kapcsol\u00f3d\u00f3 vezet\u0151fejleszt\u0151 tr\u00e9ningek, \u00e9rz\u00e9keny\u00edt\u0151 tr\u00e9ningek munkat\u00e1rsak sz\u00e1m\u00e1ra, k\u00e9szs\u00e9gfejleszt\u00e9s, munka-mag\u00e1n\u00e9let egyens\u00falya \u00e9s stresszmenedzsment, rendhagy\u00f3, szeml\u00e9letform\u00e1l\u00f3 v\u00e1llalati csal\u00e1di \u00e9s gyermeknapi programok, v\u00e1llalati kismama-\u00e9s sz\u00fcl\u0151i klubok tervez\u00e9se \u00e9s facilit\u00e1l\u00e1sa.<\/p>\n<p><strong>V\u00e1llalati referenci\u00e1k:<\/strong><\/p>\n<ul>\n<li>KPMG Hung\u00e1ria<\/li>\n<li>Magyar Telekom<\/li>\n<li>MARS Magyarorsz\u00e1g<\/li>\n<li>MOL<\/li>\n<li>Morgan Stanley<\/li>\n<li>SANE Produkci\u00f3<\/li>\n<li>UFS Group Holding<\/li>\n<li>UPC Magyarorsz\u00e1g<\/li>\n<\/ul>\n<p>&nbsp;<\/p>\n<p>[\/et_pb_text][\/et_pb_column][et_pb_column type=&#8221;2_5&#8243; _builder_version=&#8221;4.11.1&#8243; _module_preset=&#8221;default&#8221; global_colors_info=&#8221;{}&#8221;][et_pb_blog fullwidth=&#8221;off&#8221; include_categories=&#8221;162&#8243; show_more=&#8221;on&#8221; show_author=&#8221;off&#8221; show_date=&#8221;off&#8221; show_categories=&#8221;off&#8221; show_pagination=&#8221;off&#8221; admin_label=&#8221;Bejegyz\u00e9sek&#8221; _builder_version=&#8221;4.11.2&#8243; _module_preset=&#8221;default&#8221; hover_enabled=&#8221;0&#8243; global_colors_info=&#8221;{}&#8221; sticky_enabled=&#8221;0&#8243;][\/et_pb_blog][\/et_pb_column][\/et_pb_row][\/et_pb_section]<\/p>\n","protected":false},"excerpt":{"rendered":"<p>A v\u00e1llalatok t\u00e1rsadalmi felel\u0151ss\u00e9gv\u00e1llal\u00e1s\u00e1nak fok\u00e1t jelzi, mennyiben veszi figyelembe saj\u00e1t m\u0171k\u00f6d\u00e9se, munkav\u00e1llal\u00f3inak foglalkoztat\u00e1sa sor\u00e1n azokat a k\u00f6r\u00fclm\u00e9nyeket, amelyek befoly\u00e1solj\u00e1k a munkav\u00e1llal\u00f3k rendelkez\u00e9sre \u00e1ll\u00e1s\u00e1t, tehets\u00e9g\u00fck kibontakoztat\u00e1s\u00e1t \u00e9s felmutat\u00e1s\u00e1t, a t\u00e9nyleges teljes\u00edtm\u00e9nynek megfelel\u0151 szervezeti \u00e9rv\u00e9nyes\u00fcl\u00e9st \u00e9s befoly\u00e1st.<\/p>\n","protected":false},"author":1,"featured_media":0,"parent":0,"menu_order":2,"comment_status":"closed","ping_status":"closed","template":"","meta":{"_et_pb_use_builder":"on","_et_pb_old_content":"<p><strong>A v\u00e1llalatok t\u00e1rsadalmi felel\u0151ss\u00e9gv\u00e1llal\u00e1s\u00e1nak fok\u00e1t jelzi, mennyiben veszi figyelembe saj\u00e1t m\u0171k\u00f6d\u00e9se, munkav\u00e1llal\u00f3inak foglalkoztat\u00e1sa sor\u00e1n azokat a k\u00f6r\u00fclm\u00e9nyeket, amelyek befoly\u00e1solj\u00e1k a munkav\u00e1llal\u00f3k rendelkez\u00e9sre \u00e1ll\u00e1s\u00e1t, tehets\u00e9g\u00fck kibontakoztat\u00e1s\u00e1t \u00e9s felmutat\u00e1s\u00e1t, a t\u00e9nyleges teljes\u00edtm\u00e9nynek megfelel\u0151 szervezeti \u00e9rv\u00e9nyes\u00fcl\u00e9st \u00e9s befoly\u00e1st.<\/strong><\/p><p>A nemek egyenl\u0151s\u00e9g\u00e9nek partnerszervezeteinkben t\u00f6rt\u00e9n\u0151 megval\u00f3s\u00edt\u00e1s\u00e1hoz ezid\u00e1ig els\u0151sorban a rugalmas, n\u0151-\/anya-\/csal\u00e1dbar\u00e1t foglalkoztat\u00e1st t\u00e1mogat\u00f3 tev\u00e9kenys\u00e9g\u00fcnkkel, illetve 2011-ben kidolgozott Proakt\u00edv GYES Menedzsment Programunk keret\u00e9ben k\u00edn\u00e1lt megold\u00e1sainkkal j\u00e1rultunk hozz\u00e1. Ek\u00f6zben seg\u00edts\u00e9get ny\u00fajtottunk anti-diszkrimin\u00e1ci\u00f3s gyakorlataik fejleszt\u00e9s\u00e9hez, illetve a nemi egyenl\u0151s\u00e9g \u00e1llapot\u00e1nak felm\u00e9r\u00e9s\u00e9hez. T\u00f6reksz\u00fcnk ugyanakkor a n\u0151k el\u0151menetel\u00e9nek t\u00e1mogat\u00e1s\u00e1ra a fenntarthat\u00f3s\u00e1g feminin \u00e9rt\u00e9krendj\u00e9nek \u00e9rv\u00e9nyes\u00fcl\u00e9se \u00e9rdek\u00e9ben.<\/p><p><strong>Unik\u00e1lis tapasztalataink:<\/strong><\/p><p>Csal\u00e1dbar\u00e1t, anyabar\u00e1t szervezetfejleszt\u00e9s, atipikus munkaform\u00e1k bevezet\u00e9se, kapcsol\u00f3d\u00f3 vezet\u0151fejleszt\u0151 tr\u00e9ningek, \u00e9rz\u00e9keny\u00edt\u0151 tr\u00e9ningek munkat\u00e1rsak sz\u00e1m\u00e1ra, k\u00e9szs\u00e9gfejleszt\u00e9s, munka-mag\u00e1n\u00e9let egyens\u00falya \u00e9s stresszmenedzsment, rendhagy\u00f3, szeml\u00e9letform\u00e1l\u00f3 v\u00e1llalati csal\u00e1di \u00e9s gyermeknapi programok, v\u00e1llalati kismama-\u00e9s sz\u00fcl\u0151i klubok tervez\u00e9se \u00e9s facilit\u00e1l\u00e1sa.<\/p><p><strong>V\u00e1llalati referenci\u00e1k:<\/strong><\/p><ul><li>KPMG Hung\u00e1ria<\/li><li>Magyar Telekom<\/li><li>MARS Magyarorsz\u00e1g<\/li><li>MOL<\/li><li>Morgan Stanley<\/li><li>SANE Produkci\u00f3<\/li><li>UFS Group Holding<\/li><li>UPC Magyarorsz\u00e1g<\/li><\/ul><p>\u00a0<\/p>","_et_gb_content_width":"","ngg_post_thumbnail":0},"_links":{"self":[{"href":"https:\/\/jol-let.com\/new\/wp-json\/wp\/v2\/pages\/213"}],"collection":[{"href":"https:\/\/jol-let.com\/new\/wp-json\/wp\/v2\/pages"}],"about":[{"href":"https:\/\/jol-let.com\/new\/wp-json\/wp\/v2\/types\/page"}],"author":[{"embeddable":true,"href":"https:\/\/jol-let.com\/new\/wp-json\/wp\/v2\/users\/1"}],"replies":[{"embeddable":true,"href":"https:\/\/jol-let.com\/new\/wp-json\/wp\/v2\/comments?post=213"}],"version-history":[{"count":4,"href":"https:\/\/jol-let.com\/new\/wp-json\/wp\/v2\/pages\/213\/revisions"}],"predecessor-version":[{"id":9920,"href":"https:\/\/jol-let.com\/new\/wp-json\/wp\/v2\/pages\/213\/revisions\/9920"}],"wp:attachment":[{"href":"https:\/\/jol-let.com\/new\/wp-json\/wp\/v2\/media?parent=213"}],"curies":[{"name":"wp","href":"https:\/\/api.w.org\/{rel}","templated":true}]}}