{"id":10090,"date":"2022-01-18T13:30:50","date_gmt":"2022-01-18T12:30:50","guid":{"rendered":"https:\/\/jol-let.com\/new\/?page_id=10090"},"modified":"2022-03-09T12:56:26","modified_gmt":"2022-03-09T11:56:26","slug":"nem-semmi","status":"publish","type":"page","link":"https:\/\/jol-let.com\/new\/nem-semmi\/","title":{"rendered":"Nem semmi!"},"content":{"rendered":"<p>[et_pb_section fb_built=&#8221;1&#8243; _builder_version=&#8221;4.11.2&#8243; _module_preset=&#8221;default&#8221; custom_padding=&#8221;0px||||false|false&#8221; global_colors_info=&#8221;{}&#8221;][et_pb_row _builder_version=&#8221;4.11.1&#8243; _module_preset=&#8221;default&#8221; width=&#8221;100%&#8221; custom_padding=&#8221;0px||||false|false&#8221; global_colors_info=&#8221;{}&#8221;][et_pb_column type=&#8221;4_4&#8243; _builder_version=&#8221;4.11.1&#8243; _module_preset=&#8221;default&#8221; global_colors_info=&#8221;{}&#8221;][et_pb_text admin_label=&#8221;Bevezet\u0151&#8221; _builder_version=&#8221;4.14.2&#8243; _module_preset=&#8221;default&#8221; max_width_last_edited=&#8221;off|desktop&#8221; hover_enabled=&#8221;0&#8243; module_alignment_last_edited=&#8221;off|desktop&#8221; global_colors_info=&#8221;{}&#8221; sticky_enabled=&#8221;0&#8243;]<\/p>\n<p>Ma van a napja, hogy elkezdem ezt a blogot. N\u0151napon, ami sz\u00e1momra a n\u0151k elismer\u00e9s\u00e9nek, tud\u00e1suk \u00e9s szempontjaik felmutat\u00e1s\u00e1nak napja. A szomsz\u00e9dban tombol\u00f3 er\u0151szak, a hatalomhoz val\u00f3 igazod\u00e1s \u00e9s a szabads\u00e1g k\u00f6z\u00f6tti v\u00e1laszt\u00e1shoz k\u00f6zeledve b\u00fcszke vagyok r\u00e1, hogy v\u00e9gre l\u00e9trej\u00f6tt a feminista szak\u00e9rt\u0151k \u00e9s n\u0151i politikusok n\u0151\u00fcgyi munkacsoportja, \u00e9s egy <a href=\"https:\/\/jol-let.com\/new\/wp-content\/uploads\/2022\/03\/nonapi_kozlemeny_220308_vegleges.pdf\">m\u00e9rt\u00e9kad\u00f3 h\u00e1bor\u00faellenes szolidarit\u00e1si nyilatkozatot<\/a> adott ki. \u00c9s ma engedj\u00fck \u00fatnak a Women of Music Hungary <a href=\"https:\/\/www.facebook.com\/watch\/?v=493790108872515\">\u201eAdj es\u00e9lyt a b\u00e9k\u00e9nek!\u201d<\/a> c\u00edm\u0171 vide\u00f3j\u00e1t. Sok\u00e1ig h\u00faztam, \u00e9s b\u00e1r nem tudom m\u00e9g, mi lesz bel\u0151le, \u00fagy \u00e9rzem, nem v\u00e1rhatok tov\u00e1bb, fel kell v\u00e1llalnom \u00f6nmagam, a szem\u00e9lyes ki\u00e1ll\u00e1st, \u00edgy is. Hisz eddigi munk\u00e1m sor\u00e1n mindig is err\u0151l besz\u00e9ltem.<\/p>\n<p>[\/et_pb_text][et_pb_blog fullwidth=&#8221;off&#8221; include_categories=&#8221;166&#8243; show_more=&#8221;on&#8221; show_author=&#8221;off&#8221; show_date=&#8221;off&#8221; show_categories=&#8221;off&#8221; show_pagination=&#8221;off&#8221; admin_label=&#8221;Bejegyz\u00e9sek&#8221; _builder_version=&#8221;4.14.2&#8243; _module_preset=&#8221;default&#8221; header_text_color=&#8221;#5D506C&#8221; global_colors_info=&#8221;{}&#8221;][\/et_pb_blog][\/et_pb_column][\/et_pb_row][\/et_pb_section]<\/p>\n","protected":false},"excerpt":{"rendered":"<p>Ma van a napja, hogy elkezdem ezt a blogot. N\u0151napon, ami sz\u00e1momra a n\u0151k elismer\u00e9s\u00e9nek, tud\u00e1suk \u00e9s szempontjaik felmutat\u00e1s\u00e1nak napja. A szomsz\u00e9dban tombol\u00f3 er\u0151szak, a hatalomhoz val\u00f3 igazod\u00e1s \u00e9s a szabads\u00e1g k\u00f6z\u00f6tti v\u00e1laszt\u00e1shoz k\u00f6zeledve b\u00fcszke vagyok r\u00e1, hogy v\u00e9gre l\u00e9trej\u00f6tt a feminista szak\u00e9rt\u0151k \u00e9s n\u0151i politikusok n\u0151\u00fcgyi munkacsoportja, \u00e9s egy m\u00e9rt\u00e9kad\u00f3 h\u00e1bor\u00faellenes szolidarit\u00e1si nyilatkozatot adott [&hellip;]<\/p>\n","protected":false},"author":7,"featured_media":9756,"parent":0,"menu_order":0,"comment_status":"closed","ping_status":"closed","template":"","meta":{"_et_pb_use_builder":"on","_et_pb_old_content":"[et_pb_section fb_built=\"1\" _builder_version=\"4.11.2\" _module_preset=\"default\" custom_padding=\"0px||||false|false\" global_colors_info=\"{}\"][et_pb_row _builder_version=\"4.11.1\" _module_preset=\"default\" width=\"100%\" custom_padding=\"0px||||false|false\" global_colors_info=\"{}\"][et_pb_column type=\"4_4\" _builder_version=\"4.11.1\" _module_preset=\"default\" global_colors_info=\"{}\"][et_pb_text admin_label=\"Bevezet\u0151\" _builder_version=\"4.11.2\" _module_preset=\"default\" max_width_last_edited=\"off|desktop\" module_alignment_last_edited=\"off|desktop\" global_colors_info=\"{}\"]<p><strong>A tan\u00e1csad\u00e1s a J\u00d3L-L\u00c9T Alap\u00edtv\u00e1ny szellemis\u00e9g\u00e9ben azt jelenti, hogy a hozz\u00e1nk fordul\u00f3 fejl\u0151dni, v\u00e1ltoztatni akar, hogy megtal\u00e1lja a hely\u00e9t az \u00e9letben.<\/strong><\/p>\r\n<p><strong>Mi ebben t\u00e1mogatjuk, \u00e9s egy\u00fcttm\u0171k\u00f6d\u00e9st k\u00edn\u00e1lunk.<\/strong><\/p>\r\n<p>\u00a0<\/p>[\/et_pb_text][et_pb_blog fullwidth=\"off\" include_categories=\"161\" show_more=\"on\" show_author=\"off\" show_date=\"off\" show_categories=\"off\" show_pagination=\"off\" admin_label=\"Bejegyz\u00e9sek\" _builder_version=\"4.11.1\" _module_preset=\"default\" hover_enabled=\"0\" global_colors_info=\"{}\" sticky_enabled=\"0\"][\/et_pb_blog][\/et_pb_column][\/et_pb_row][\/et_pb_section]","_et_gb_content_width":"","ngg_post_thumbnail":0},"_links":{"self":[{"href":"https:\/\/jol-let.com\/new\/wp-json\/wp\/v2\/pages\/10090"}],"collection":[{"href":"https:\/\/jol-let.com\/new\/wp-json\/wp\/v2\/pages"}],"about":[{"href":"https:\/\/jol-let.com\/new\/wp-json\/wp\/v2\/types\/page"}],"author":[{"embeddable":true,"href":"https:\/\/jol-let.com\/new\/wp-json\/wp\/v2\/users\/7"}],"replies":[{"embeddable":true,"href":"https:\/\/jol-let.com\/new\/wp-json\/wp\/v2\/comments?post=10090"}],"version-history":[{"count":9,"href":"https:\/\/jol-let.com\/new\/wp-json\/wp\/v2\/pages\/10090\/revisions"}],"predecessor-version":[{"id":10170,"href":"https:\/\/jol-let.com\/new\/wp-json\/wp\/v2\/pages\/10090\/revisions\/10170"}],"wp:featuredmedia":[{"embeddable":true,"href":"https:\/\/jol-let.com\/new\/wp-json\/wp\/v2\/media\/9756"}],"wp:attachment":[{"href":"https:\/\/jol-let.com\/new\/wp-json\/wp\/v2\/media?parent=10090"}],"curies":[{"name":"wp","href":"https:\/\/api.w.org\/{rel}","templated":true}]}}